{"id":783,"date":"2008-09-21T18:01:23","date_gmt":"2008-09-21T16:01:23","guid":{"rendered":"http:\/\/tour-en-blog.de\/?page_id=783"},"modified":"2014-02-10T22:56:52","modified_gmt":"2014-02-10T21:56:52","slug":"links-2","status":"publish","type":"page","link":"https:\/\/tour-en-blog.de\/?page_id=783","title":{"rendered":"links :: enlaces"},"content":{"rendered":"<p><strong>Reisende, die wir trafen<\/strong><\/p>\n<p>Mit manchen haben wir etwas Zeit gemeinsam verbracht, so dass es die eine oder andere Geschichte nochmals aus anderem Blickwinkel gibt. Viele sch\u00f6ne Fotos gibt es auch zu sehen.<\/p>\n<table border=\"1\" frame=\"void\" rules=\"rows\" style=\"margin-top: 0px; font-size:0.9em\">\n<tr style=\"vertical-align: top;\">\n<td style=\"padding: 15px 0 15px 0\"><\/td>\n<td style=\"padding: 15px 0 15px 0\">\n<p style=\"margin: 0\">Lilli &#038; Eric, Spanien<br \/>\n<a href=\"http:\/\/www.camminus.blogspot.com\" title=\"Lilli &#038; Eric\" target=\"_blank\">http:\/\/www.camminus.blogspot.com<\/a><br \/>\ncamminus &#8211; Lo importante no es llegar, sino ir.<br \/>\nespa\u00f1ol<\/p>\n<p>getroffen in Barcelona, sie starten ihre Reise Richtung Asien f\u00fcr 1 Jahr, ich bin fast am Ende<\/p>\n<\/td>\n<\/tr>\n<tr style=\"vertical-align: top;\">\n<td style=\"padding: 15px 0 15px 0\"><\/td>\n<td style=\"padding: 15px 0 15px 0\">\n<p style=\"margin: 0\">Rebekka, Florian &#038; Chan, Schweiz<br \/>\n<a href=\"http:\/\/dreirad.fenris.ca\" title=\"Rebekka, Florian &#038; Chan\" target=\"_blank\">http:\/\/dreirad.fenris.ca<\/a><br \/>\nRadnomaden unterwegs in der Welt<br \/>\nenglish, deutsch<\/p>\n<p>Unterbrochen durch die Geburt von Chan mittlerweile eine lange Reise. Der nun 4-j\u00e4hrige reist im Anh\u00e4nger an Papas Rad, sein kleines Rad als trailerbike an Mamas Rad. Eine gro\u00dfe Fuhre also.\n<\/p>\n<\/td>\n<\/tr>\n<tr style=\"vertical-align: top;\">\n<td style=\"padding: 15px 0 15px 0\">\n<p style=\"margin: 0\"><\/td>\n<td style=\"padding: 15px 0 15px 0\">\n<p style=\"margin: 0\">\nKatja &#038; Didi, Schweiz<br \/>\n<a href=\"http:\/\/www.diario-de-bicicleta.blogspot.com\" title=\"Katja &#038; Didi\" target=\"_blank\">http:\/\/www.diario-de-bicicleta.blogspot.com<\/a><br \/>\nDiario de bicicleta &#8211; Das Tagebuch zweier Reisenden mit dem Fahrrad an die sch\u00f6nsten Ecken dieser Erde&#8230;<br \/>\ndeutsch<\/p>\n<p>Als wir uns trafen, standen sie am Anfang der Lagunenroute in Bolivien, wir hatten es so gut wie geschafft. Wir wollten nicht mit ihnen tauschen.\n<\/p>\n<\/td>\n<\/tr>\n<tr style=\"vertical-align: top;\">\n<td style=\"padding: 15px 0 15px 0\">\n<p style=\"margin: 0\"><\/td>\n<td style=\"padding: 15px 0 15px 0\">\n<p style=\"margin: 0\">\nDaniel Schellewald, Deutschland<br \/>\n<a href=\"http:\/\/www.worldsights.de\" title=\"Daniel\" target=\"_blank\">http:\/\/www.worldsights.de<\/a><br \/>\nsee the world with your own eyes<br \/>\ndeutsch<\/p>\n<p>Radreise durch S\u00fcdamerika\n<\/p>\n<\/td>\n<\/tr>\n<tr style=\"vertical-align: top;\">\n<td style=\"padding: 15px 0 15px 0\">\n<p style=\"margin: 0\"><\/td>\n<td style=\"padding: 15px 0 15px 0\">\n<p style=\"margin: 0\">\nKathrin Truttmann &#038; Philippe Aschwanden, Schweiz<br \/>\n<a href=\"http:\/\/www.tandemdream.ch\" title=\"Kathrin und Philippe\" target=\"_blank\">http:\/\/www.tandemdream.ch<\/a><br \/>\nTandemdream &#8211; Unser Traum gemeinsam die Welt zu entdecken<br \/>\ndeutsch<\/p>\n<p>Panamericana-Tour mit dem Tandem\n<\/p>\n<\/td>\n<\/tr>\n<tr style=\"vertical-align: top;\">\n<td style=\"padding: 15px 0 15px 0\">\n<p style=\"margin: 0\"><\/td>\n<td style=\"padding: 15px 0 15px 0\">\n<p style=\"margin: 0\">\nAlberto, Ecuador<br \/>\n<s><a href=\"http:\/\/www.a-pedal.com\" title=\"Alberto\" target=\"_blank\">http:\/\/www.a-pedal.com<\/a><\/s><br \/>\nun solo camino, una sola Am\u00e9rica, una sola revoluci\u00f3n<br \/>\nespa\u00f1ol<\/p>\n<p>sympatischer, junger Ecuadorianer mit Fahrrad und Anh\u00e4nger auf Tour durch S\u00fcdamerika\n<\/p>\n<\/td>\n<\/tr>\n<tr style=\"vertical-align: top;\">\n<td style=\"padding: 15px 0 15px 0\">\n<p style=\"margin: 0\"><\/td>\n<td style=\"padding: 15px 0 15px 0\">\n<p style=\"margin: 0\">\nBritta und Simon, Deutschland<br \/>\n<a href=\"http:\/\/www.brisienbici.blogspot.com\" title=\"Britta und Simon\" target=\"_blank\">http:\/\/www.brisienbici.blogspot.com<\/a><br \/>\nzwei verliebte, zwei fahrraeder, ein traum<br \/>\ndeutsch, english, espa\u00f1ol<\/p>\n<p>Radreise durch S\u00fcdamerika\n<\/p>\n<\/td>\n<\/tr>\n<tr style=\"vertical-align: top;\">\n<td style=\"padding: 15px 0 15px 0\">\n<p style=\"margin: 0\"><\/td>\n<td style=\"padding: 15px 0 15px 0\">\n<p style=\"margin: 0\">\nAndrew Edward Morgan, USA<br \/>\n<a href=\"http:\/\/teacherontwowheels.com\" title=\"Andrew\" target=\"_blank\">http:\/\/teacherontwowheels.com<\/a><br \/>\nOne man. One bicycle. Two years. Thousands of miles. Follow along as a teacher rides the earth in search of tailwinds, smooth roads, and students he can learn from.<br \/>\nenglish<\/p>\n<p>Englishlehrer, der zwischen dem Radfahren in Schulen unterrichet\n<\/p>\n<\/td>\n<\/tr>\n<tr style=\"vertical-align: top;\">\n<td style=\"padding: 15px 0 15px 0\">\n<p style=\"margin: 0\"><\/td>\n<td style=\"padding: 15px 0 15px 0\">\n<p style=\"margin: 0\">\nPius Kobler &#038; Stafan Dudli, Schweiz<br \/>\n<a href=\"http:\/\/www.panamerica.ch\" title=\"Pius und Stefan\" target=\"_blank\">http:\/\/www.panamerica.ch<\/a><br \/>\nPanamericana on a recumbent bike<br \/>\nenglish<\/p>\n<p>Panamericana von Alaska nach Feuerland<br \/>\nPius und Stefan sind die ersten Langstreckenliegeradler, die wir nach 1 1\/4 Jahren Weltreise treffen. Unsere gemeinsame Zeit endet schon am 3. gemeinsamen Radeltag nach Rahmenbruch bei Stefan.\n<\/p>\n<\/td>\n<\/tr>\n<tr style=\"vertical-align: top;\">\n<td style=\"padding: 15px 0 15px 0\">\n<p style=\"margin: 0\"><\/td>\n<td style=\"padding: 15px 0 15px 0\">\n<p style=\"margin: 0\">\nPaola &#038; Igel Zimmermann &#038; Rambo, Deutschland<br \/>\n<a href=\"http:\/\/www.grenzenlos.ath.cx\" title=\"Paola und Igel Zimmermann\" target=\"_blank\">http:\/\/www.grenzenlos.ath.cx<\/a><br \/>\nGrenzenlos &#8211; Weltumradlung<br \/>\ndeutsch, english, espa\u00f1ol<\/p>\n<p>Wir haben uns zwar nicht pers\u00f6nlich getroffen, die beiden haben aber eine Finca in Kolumbien, ein Casa de ciclistas, wo Radfahrer auch w\u00e4hrend der Abwesenheit von Paola und Igel eine gem\u00fctliche Unterkunft finden.\n<\/p>\n<\/td>\n<\/tr>\n<tr style=\"vertical-align: top;\">\n<td style=\"padding: 15px 0 15px 0\">\n<p style=\"margin: 0\"><\/td>\n<td style=\"padding: 15px 0 15px 0\">\n<p style=\"margin: 0\">\nJens H\u00fcbner, Deutschland<br \/>\n<a href=\"http:\/\/www.jenshuebner.de\" title=\"Jens H\u00fcbner\" target=\"_blank\">http:\/\/www.jenshuebner.de<\/a><br \/>\nReise, Reise\/ Seemann, reise\/ jeder tut&#8217;s auf seine Weise<br \/>\ndeutsch<\/p>\n<p>2-j\u00e4hrige Weltumradlung dokumentiert auch mit Zeichenblock und Tuschkasten\n<\/p>\n<\/td>\n<\/tr>\n<tr style=\"vertical-align: top;\">\n<td style=\"padding: 15px 0 15px 0\">\n<p style=\"margin: 0\"><\/td>\n<td style=\"padding: 15px 0 15px 0\">\n<p style=\"margin: 0\">\nDaniel Martin, Gro\u00dfbritannien<br \/>\n<s><a href=\"http:\/\/www.koreatocapetown.co.uk\" title=\"Daniel Martin\" target=\"_blank\">http:\/\/www.koreatocapetown.co.uk<\/a><\/s><br \/>\nThe Axis of Evil by bike<br \/>\nenglish<\/p>\n<p>auf Fahrrad mit Anh\u00e4nger unterwegs, wie der Name sagt, von S\u00fcdkorea nach Kapstadt\n<\/p>\n<\/td>\n<\/tr>\n<tr style=\"vertical-align: top;\">\n<td style=\"padding: 15px 0 15px 0\">\n<p style=\"margin: 0\"><\/td>\n<td style=\"padding: 15px 0 15px 0\">\n<p style=\"margin: 0\">\nJuliane &#038; Karsten Kreutziger, Deutschland<br \/>\n<a href=\"http:\/\/www.kreutziger.net\" title=\"Juliane &#038; Karsten Kreutziger\" target=\"_blank\">http:\/\/www.kreutziger.net<\/a><br \/>\ndeutsch<\/p>\n<p>30-monatige Rucksack-Weltreise<br \/>\nWir kennen uns aus Berlin, und f\u00fcr mich war es eine Freude, dass sich unsere Reiserouten in Xi&#8217;an\/China gekreuzt haben.\n<\/p>\n<\/td>\n<\/tr>\n<tr style=\"vertical-align: top;\">\n<td style=\"padding: 15px 0 15px 0\">\n<p style=\"margin: 0\"><\/td>\n<td style=\"padding: 15px 0 15px 0\">\n<p style=\"margin: 0\">aus der Reisegruppe durch Tibet<\/p>\n<p>Simone, Italien<br \/>\n<a target=\"_blank\" href=\"http:\/\/www.radiopopolare.it\/trasmissioni\/tre-uomini-in-barca\/mappa\/diari07\/asia\/simone-il-ragazzo-giusto-in-nepal\"  title=\"Simone\">http:\/\/www.radiopopolare.it\/trasmissioni\/tre-uomini-in-barca\/mappa\/ diari07\/asia\/simone-il-ragazzo-giusto-in-nepal<\/a><br \/>\ntre uomini in barca<br \/>\nitaliano<\/p>\n<p>Kristen, USA<br \/>\n<a target=\"_blank\" href=\"http:\/\/www.travelsofkp.blogspot.com\" title=\"Kristen\">www.travelsofkp.blogspot.com<\/a><br \/>\nenglish<\/p>\n<p>Doug, USA<br \/>\n<a target=\"_blank\" href=\"http:\/\/www.dougsbigadventure.blogspot.com\" title=\"Doug\">www.dougsbigadventure.blogspot.com<\/a><br \/>\nenglish<\/p>\n<p>Candace, USA<br \/>\n<s><a target=\"_blank\" href=\"http:\/\/www.candaceinnepal.blogspot.com\" title=\"Candade\">www.candaceinnepal.blogspot.com<\/a><\/s><br \/>\nenglish\n<\/p>\n<\/td>\n<\/tr>\n<tr style=\"vertical-align: top;\">\n<td style=\"padding: 15px 0 15px 0\">\n<p style=\"margin: 0\"><\/td>\n<td style=\"padding: 15px 0 15px 0\">\n<p style=\"margin: 0\">\nDorothee Krezmar, Deutschland &#038; Kurt Beutler, Schweiz<br \/>\n<a href=\"http:\/\/www.reducespeed.de\" title=\"Dorothee Krezmar &#038; Kurt Beutler\" target=\"_blank\">http:\/\/www.reducespeed.de<\/a><br \/>\nAls Rad-Nomaden um die Welt<br \/>\ndeutsch<\/p>\n<p>Wir sind uns in \u00c4thiopien entgegengekommen. Seit 2008 sind sie wieder in Deutschland nach 10 Jahren auf 5 Kontinenten und 160.000km!<\/p>\n<p><a href=\"http:\/\/www.reducespeed.de\/Buch.html\" title=\"Odyssee ins Gl\u00fcck von Dorothee Krezmar und Kurt Beutler\" target=\"_blank\">&#8222;Odyssee ins Gl\u00fcck&#8220; &#8211; das Buch zur Tour<\/a>\n<\/p>\n<\/td>\n<\/tr>\n<tr style=\"vertical-align: top;\">\n<td style=\"padding: 15px 0 15px 0\">\n<p style=\"margin: 0\"><\/td>\n<td style=\"padding: 15px 0 15px 0\">\n<p style=\"margin: 0\">\nFlic, Australien<br \/>\n<s><a href=\"http:\/\/www.wanderingword.com\/nucleus\/rad.php\" title=\"Flic\" target=\"_blank\">http:\/\/www.wanderingword.com\/nucleus\/rad.php<\/a><\/s><br \/>\nits fahr&#8230; its rad &#8230;<br \/>\nFlics journey through africa<br \/>\nenglish<\/p>\n<p>unkonventionelle Radfahrerin aus Australien, die mal eben durch die sudanesische W\u00fcste radelt\n<\/p>\n<\/td>\n<\/tr>\n<tr style=\"vertical-align: top;\">\n<td style=\"padding: 15px 0 15px 0\">\n<p style=\"margin: 0\"><\/td>\n<td style=\"padding: 15px 0 15px 0\">\n<p style=\"margin: 0\">\nDavid Cl\u00e9ment, Schweiz<br \/>\n<a href=\"http:\/\/davidclement.top-depart.com\" title=\"David Cl\u00e9ment\" target=\"_blank\">http:\/\/davidclement.top-depart.com<\/a><br \/>\nA v\u00e9lo sur les routes du monde<br \/>\nfran\u00e7ais<\/p>\n<p>Seine erste Radreise und nun schon seit Sommer 2006 unterwegs. David hat uns in Jordanien getroffen, dann wieder in Kairo, in Indien haben wir uns knapp verpasst. W\u00e4hrend unserer gemeinsamen Fahrt durch \u00c4gypten und den Sudan ist er uns ein Freund geworden.\n<\/p>\n<\/td>\n<\/tr>\n<tr style=\"vertical-align: top;\">\n<td style=\"padding: 15px 0 15px 0\">\n<p style=\"margin: 0\"><\/td>\n<td style=\"padding: 15px 0 15px 0\">\n<p style=\"margin: 0\">\nJoachim Hager, \u00d6sterreich<br \/>\n<s><a href=\"http:\/\/www.geocities.com\/recumbenttour\/\" title=\"Joachim Hager\" target=\"_blank\">http:\/\/www.geocities.com\/recumbenttour<\/a><\/s><br \/>\ncycling with a different view<br \/>\ndeutsch, english<\/p>\n<p>Joachim ist der einzige Mensch den wir kennen, der auf einem Liegerad um die Welt gefahren ist. Wir besuchen ihn in seiner Heimat in \u00d6sterreich w\u00e4hrend der ersten Etappen unserer Reise.\n<\/p>\n<\/td>\n<\/tr>\n<\/table>\n<p><strong>Buchemfehlungen f\u00fcr Gleichgesinnte<\/strong><\/p>\n<table border=\"1\" frame=\"void\" rules=\"rows\" style=\"margin-top: 0px; font-size:0.9em\">\n<tr style=\"vertical-align: top;\">\n<td style=\"padding: 15px 0 15px 0\"><\/td>\n<td style=\"padding: 15px 0 15px 0\">\n<p style=\"margin: 0\"><a href=\"http:\/\/www.bikeamerica.de\/buecher.htm\" title=\"Lateinamerika BikeBuch\" target=\"_blank\">Lateinamerika BikeBuch<\/a> von Thomas Schr\u00f6der &#038; Raphaela Wiegers<br \/>\nDie Autoren stellen auf ihrer website <a href=\"http:\/\/www.bikeamerica.de\" title=\"Sybille &#038; Thomas Schr\u00f6der\" target=\"_blank\">www.bikeamerica.de<\/a> st\u00e4ndig <a href=\"http:\/\/www.bikeamerica.de\/LateinamerikaBikeBuch\/LABBUpdate.htm\" title=\"LABB update\" target=\"_blank\">Aktualisierungen<\/a> ins Netz.\n<\/p>\n<\/td>\n<\/tr>\n<tr style=\"vertical-align: top;\">\n<td style=\"padding: 15px 0 15px 0\"><\/td>\n<td style=\"padding: 15px 0 15px 0\">\n<p style=\"margin: 0\"><a href=\"http:\/\/www.reise-know-how.de\/fahrradweltfuehrer-p-4129.html\" title=\"Fahrrad Weltf\u00fchrer\" target=\"_blank\">Fahrrad Weltf\u00fchrer<\/a> von Thomas Schr\u00f6der und Helmut Hermann mit Aktualisierungen unter <a href=\"http:\/\/www.weltweitradeln.de\/\" title=\"updates zum Fahrrad Weltf\u00fchrer\" target=\"_blank\">www.weltweitradeln.de<\/a><\/p>\n<\/td>\n<\/tr>\n<\/table>\n","protected":false},"excerpt":{"rendered":"<p>Reisende, die wir trafen Mit manchen haben wir etwas Zeit gemeinsam verbracht, so dass es die eine oder andere Geschichte nochmals aus anderem Blickwinkel gibt. Viele sch\u00f6ne Fotos gibt es auch zu sehen. Lilli &#038; Eric, Spanien http:\/\/www.camminus.blogspot.com camminus &#8211; Lo importante no es llegar, sino ir. espa\u00f1ol getroffen in Barcelona, sie starten ihre Reise [&hellip;]<\/p>\n","protected":false},"author":1,"featured_media":0,"parent":0,"menu_order":2,"comment_status":"open","ping_status":"closed","template":"","meta":{"footnotes":""},"_links":{"self":[{"href":"https:\/\/tour-en-blog.de\/index.php?rest_route=\/wp\/v2\/pages\/783"}],"collection":[{"href":"https:\/\/tour-en-blog.de\/index.php?rest_route=\/wp\/v2\/pages"}],"about":[{"href":"https:\/\/tour-en-blog.de\/index.php?rest_route=\/wp\/v2\/types\/page"}],"author":[{"embeddable":true,"href":"https:\/\/tour-en-blog.de\/index.php?rest_route=\/wp\/v2\/users\/1"}],"replies":[{"embeddable":true,"href":"https:\/\/tour-en-blog.de\/index.php?rest_route=%2Fwp%2Fv2%2Fcomments&post=783"}],"version-history":[{"count":7,"href":"https:\/\/tour-en-blog.de\/index.php?rest_route=\/wp\/v2\/pages\/783\/revisions"}],"predecessor-version":[{"id":1488,"href":"https:\/\/tour-en-blog.de\/index.php?rest_route=\/wp\/v2\/pages\/783\/revisions\/1488"}],"wp:attachment":[{"href":"https:\/\/tour-en-blog.de\/index.php?rest_route=%2Fwp%2Fv2%2Fmedia&parent=783"}],"curies":[{"name":"wp","href":"https:\/\/api.w.org\/{rel}","templated":true}]}}