{"id":22,"date":"2006-10-19T13:38:18","date_gmt":"2006-10-19T11:38:18","guid":{"rendered":"http:\/\/tour-en-blog.de\/?page_id=22"},"modified":"2011-03-14T12:54:26","modified_gmt":"2011-03-14T11:54:26","slug":"ueber-die-tour-about-this-tour","status":"publish","type":"page","link":"http:\/\/tour-en-blog.de\/?page_id=22","title":{"rendered":"wo :: where :: donde"},"content":{"rendered":"<p>deutsch&nbsp;&nbsp;&nbsp;<a href=\"http:\/\/tour-en-blog.de\/?page_id=775\" title=\"show this page in english language\" target=\"_self\">english<\/a>&nbsp;&nbsp;&nbsp;<a href=\"http:\/\/tour-en-blog.de\/?page_id=776\" title=\"mostra esta p\u00e1gina en idioma espa\u00f1ol\" target=\"_self\">espa\u00f1ol<\/a><\/p>\n<div style=\"border-width:1px;  border-style:solid;  border-color:#777;  padding:0; margin-top:20px\">\n<p style=\"margin:5px; text-align:right; vertical-align:bottom\">\n<a href=\"http:\/\/tour-en-blog.de\/wp-content\/uploads\/Karten\/map_big.htm\" title=\"detaillierte Karte in Vollbildgr\u00f6\u00dfe in neuem Tab\" target=\"_blank\">Vollbild-Detailkarte<\/a>\n<\/p>\n<p><iframe loading=\"lazy\" width=\"447\" scrolling=\"no\" height=\"300\" frameborder=\"0\" name=\"Route\" src=\"http:\/\/tour-en-blog.de\/wp-content\/uploads\/Karten\/map_small.htm\"><\/iframe><\/p>\n<p><img loading=\"lazy\" decoding=\"async\" src=\"http:\/\/tour-en-blog.de\/wp-content\/uploads\/Grafik\/pxFF0000.bmp\" width=\"30\" height=\"2\" style=\"margin:0 10px 3px 5px\" \/>noch geplant<br \/>\n<img loading=\"lazy\" decoding=\"async\" src=\"http:\/\/tour-en-blog.de\/wp-content\/uploads\/Grafik\/px00FF00.bmp\" width=\"30\" height=\"2\" style=\"margin:0 10px 3px 5px\" \/>bereits zur\u00fcckgelegte Strecke<\/p>\n<\/div>\n<p style=\"margin-top: 30px\">\n<strong>Statistisches<\/strong><\/p>\n<p>Reisedauer 809 Tage; davon an 531 Tagen Rad gefahren<\/p>\n<p>Fahrrad-Gesamtstrecke 42148km; davon ca. 3297km Piste; l\u00e4ngste Tagesetappe 248km<\/p>\n<p>maximale H\u00f6he per Rad 5013m \u00fc. NHN, zu Fu\u00df 5833m \u00fc. NHN; minimale H\u00f6he -418m \u00fc. NHN<\/p>\n<p>maximale Geschwindigkeit 97km\/h<\/p>\n<p>Temperaturminimum -15\u00b0C; Temperaturmaximum 44\u00b0C\n<\/p>\n<p>\n41 L\u00e4nder\n<\/p>\n<p><a href=\"http:\/\/tour-en-blog.de\/wp-content\/uploads\/Flaggen\/Flagge 001 Deutschland.gif\" rel=\"shadowbox[Flaggen]\" title=\"Deutschland - 16 Tage Aufenthalt\" style=\"margin:0px\"><img decoding=\"async\" src=\"http:\/\/tour-en-blog.de\/wp-content\/uploads\/Flaggen\/thumbnails\/Flagge 001 Deutschland thumbnail.gif\" alt=\"Deutschland - 16 Tage Aufenthalt\" title=\"Deutschland - 16 Tage Aufenthalt\" border=\"0\" width=\"50px\" height=\"33px\" \/><\/a><a href=\"http:\/\/tour-en-blog.de\/wp-content\/uploads\/Flaggen\/Flagge 002 Tschechien.gif\" rel=\"shadowbox[Flaggen]\" title=\"Tschechien - 5 Tage Aufenthalt\" style=\"margin:0 0 0 16px\"><img decoding=\"async\" src=\"http:\/\/tour-en-blog.de\/wp-content\/uploads\/Flaggen\/thumbnails\/Flagge 002 Tschechien thumbnail.gif\" alt=\"Tschechien - 5 Tage Aufenthalt\" title=\"Tschechien - 5 Tage Aufenthalt\" border=\"0\" width=\"50px\" height=\"33px\" \/><\/a><a href=\"http:\/\/tour-en-blog.de\/wp-content\/uploads\/Flaggen\/Flagge 003 Oesterreich.gif\" rel=\"shadowbox[Flaggen]\" title=\"\u00d6sterreich - 5 Tage Aufenthalt\" style=\"margin:0 0 0 17px\"><img decoding=\"async\" src=\"http:\/\/tour-en-blog.de\/wp-content\/uploads\/Flaggen\/thumbnails\/Flagge 003 Oesterreich thumbnail.gif\" alt=\"\u00d6sterreich - 5 Tage Aufenthalt\" title=\"\u00d6sterreich - 5 Tage Aufenthalt\" border=\"0\" width=\"50px\" height=\"33px\" \/><\/a><a href=\"http:\/\/tour-en-blog.de\/wp-content\/uploads\/Flaggen\/Flagge 004 Slowenien.gif\" rel=\"shadowbox[Flaggen]\" title=\"Slowenien - 1 Tag Aufenthalt\" style=\"margin:0 0 0 16px\"><img decoding=\"async\" src=\"http:\/\/tour-en-blog.de\/wp-content\/uploads\/Flaggen\/thumbnails\/Flagge 004 Slowenien thumbnail.gif\" alt=\"Slowenien - 1 Tag Aufenthalt\" title=\"Slowenien - 1 Tag Aufenthalt\" border=\"0\" width=\"50px\" height=\"33px\" \/><\/a><a href=\"http:\/\/tour-en-blog.de\/wp-content\/uploads\/Flaggen\/Flagge 005 Kroatien.gif\" rel=\"shadowbox[Flaggen]\" title=\"Kroatien - 7 Tage Aufenthalt\" style=\"margin:0 0 0 17px\"><img decoding=\"async\" src=\"http:\/\/tour-en-blog.de\/wp-content\/uploads\/Flaggen\/thumbnails\/Flagge 005 Kroatien thumbnail.gif\" alt=\"Kroatien - 7 Tage Aufenthalt\" title=\"Kroatien - 7 Tage Aufenthalt\" border=\"0\" width=\"50px\" height=\"33px\" \/><\/a><a href=\"http:\/\/tour-en-blog.de\/wp-content\/uploads\/Flaggen\/Flagge 006 Bosnien und Herzegowina.gif\" rel=\"shadowbox[Flaggen]\" title=\"Bosnien und Herzegowina - 1 Tag Aufenthalt\" style=\"margin:0 0 0 16px\"><img decoding=\"async\" src=\"http:\/\/tour-en-blog.de\/wp-content\/uploads\/Flaggen\/thumbnails\/Flagge 006 Bosnien und Herzegowina thumbnail.gif\" alt=\"Bosnien und Herzegowina - 1 Tag Aufenthalt\" title=\"Bosnien und Herzegowina - 1 Tag Aufenthalt\" border=\"0\" width=\"50px\" height=\"33px\" \/><\/a><a href=\"http:\/\/tour-en-blog.de\/wp-content\/uploads\/Flaggen\/Flagge 007 Montenegro.gif\" rel=\"shadowbox[Flaggen]\" title=\"Montenegro - 1 Tag Aufenthalt\" style=\"margin:0 0 0 17px\"><img decoding=\"async\" src=\"http:\/\/tour-en-blog.de\/wp-content\/uploads\/Flaggen\/thumbnails\/Flagge 007 Montenegro thumbnail.gif\" alt=\"Montenegro - 1 Tag Aufenthalt\" title=\"Montenegro - 1 Tag Aufenthalt\" border=\"0\" width=\"50px\" height=\"33px\" \/><\/a><\/p>\n<p><a href=\"http:\/\/tour-en-blog.de\/wp-content\/uploads\/Flaggen\/Flagge 008 Albanien.gif\" rel=\"shadowbox[Flaggen]\" title=\"Albanien - 3 Tage Aufenthalt\" style=\"margin:16px 0 0 0\"><img decoding=\"async\" src=\"http:\/\/tour-en-blog.de\/wp-content\/uploads\/Flaggen\/thumbnails\/Flagge 008 Albanien thumbnail.gif\" alt=\"Albanien - 3 Tage Aufenthalt\" title=\"Albanien - 3 Tage Aufenthalt\" border=\"0\" width=\"50px\" height=\"33px\" \/><\/a><a href=\"http:\/\/tour-en-blog.de\/wp-content\/uploads\/Flaggen\/Flagge 009 Mazedonien.gif\" rel=\"shadowbox[Flaggen]\" title=\"Mazedonien - 1 Tag Aufenthalt\" style=\"margin:16px 0 0 16px\"><img decoding=\"async\" src=\"http:\/\/tour-en-blog.de\/wp-content\/uploads\/Flaggen\/thumbnails\/Flagge 009 Mazedonien thumbnail.gif\" alt=\"Mazedonien - 1 Tag Aufenthalt\" title=\"Mazedonien - 1 Tag Aufenthalt\" border=\"0\" width=\"50px\" height=\"33px\" \/><\/a><a href=\"http:\/\/tour-en-blog.de\/wp-content\/uploads\/Flaggen\/Flagge 010 Griechenland.gif\" rel=\"shadowbox[Flaggen]\" title=\"Griechenland - 9 Tage Aufenthalt\" style=\"margin:16px 0 0 17px\"><img decoding=\"async\" src=\"http:\/\/tour-en-blog.de\/wp-content\/uploads\/Flaggen\/thumbnails\/Flagge 010 Griechenland thumbnail.gif\" alt=\"Griechenland - 9 Tage Aufenthalt\" title=\"Griechenland - 9 Tage Aufenthalt\" border=\"0\" width=\"50px\" height=\"33px\" \/><\/a><a href=\"http:\/\/tour-en-blog.de\/wp-content\/uploads\/Flaggen\/Flagge 011 Tuerkei.gif\" rel=\"shadowbox[Flaggen]\" title=\"T\u00fcrkei - 20 Tage Aufenthalt\" style=\"margin:16px 0 0 16px\"><img decoding=\"async\" src=\"http:\/\/tour-en-blog.de\/wp-content\/uploads\/Flaggen\/thumbnails\/Flagge 011 Tuerkei thumbnail.gif\" alt=\"T\u00fcrkei - 20 Tage Aufenthalt\" title=\"T\u00fcrkei - 20 Tage Aufenthalt\" border=\"0\" width=\"50px\" height=\"33px\" \/><\/a><a href=\"http:\/\/tour-en-blog.de\/wp-content\/uploads\/Flaggen\/Flagge 012 Syrien.gif\" rel=\"shadowbox[Flaggen]\" title=\"Syrien - 5 Tage Aufenthalt\" style=\"margin:16px 0 0 17px\"><img decoding=\"async\" src=\"http:\/\/tour-en-blog.de\/wp-content\/uploads\/Flaggen\/thumbnails\/Flagge 012 Syrien thumbnail.gif\" alt=\"Syrien - 5 Tage Aufenthalt\" title=\"Syrien - 5 Tage Aufenthalt\" border=\"0\" width=\"50px\" height=\"33px\" \/><\/a><a href=\"http:\/\/tour-en-blog.de\/wp-content\/uploads\/Flaggen\/Flagge 013 Jordanien.gif\" rel=\"shadowbox[Flaggen]\" title=\"Jordanien - 8 Tage Aufenthalt\" style=\"margin:16px 0 0 16px\"><img decoding=\"async\" src=\"http:\/\/tour-en-blog.de\/wp-content\/uploads\/Flaggen\/thumbnails\/Flagge 013 Jordanien thumbnail.gif\" alt=\"Jordanien - 8 Tage Aufenthalt\" title=\"Jordanien - 8 Tage Aufenthalt\" border=\"0\" width=\"50px\" height=\"33px\" \/><\/a><a href=\"http:\/\/tour-en-blog.de\/wp-content\/uploads\/Flaggen\/Flagge 014 Israel.gif\" rel=\"shadowbox[Flaggen]\" title=\"Israel - 1 Tag Aufenthalt\" style=\"margin:16px 0 0 17px\"><img decoding=\"async\" src=\"http:\/\/tour-en-blog.de\/wp-content\/uploads\/Flaggen\/thumbnails\/Flagge 014 Israel thumbnail.gif\" alt=\"Israel - 1 Tag Aufenthalt\" title=\"Israel - 1 Tag Aufenthalt\" border=\"0\" width=\"50px\" height=\"33px\" \/><\/a><\/p>\n<p><a href=\"http:\/\/tour-en-blog.de\/wp-content\/uploads\/Flaggen\/Flagge 015 Aegypten.gif\" rel=\"shadowbox[Flaggen]\" title=\"\u00c4gypten - 48 Tage Aufenthalt\" style=\"margin:16px 0 0 0\"><img decoding=\"async\" src=\"http:\/\/tour-en-blog.de\/wp-content\/uploads\/Flaggen\/thumbnails\/Flagge 015 Aegypten thumbnail.gif\" alt=\"\u00c4gypten - 48 Tage Aufenthalt\" title=\"\u00c4gypten - 48 Tage Aufenthalt\" border=\"0\" width=\"50px\" height=\"33px\" \/><\/a><a href=\"http:\/\/tour-en-blog.de\/wp-content\/uploads\/Flaggen\/Flagge 016 Sudan.gif\" rel=\"shadowbox[Flaggen]\" title=\"Sudan - 23 Tage Aufenthalt\" style=\"margin:16px 0 0 16px\"><img decoding=\"async\" src=\"http:\/\/tour-en-blog.de\/wp-content\/uploads\/Flaggen\/thumbnails\/Flagge 016 Sudan thumbnail.gif\" alt=\"Sudan - 23 Tage Aufenthalt\" title=\"Sudan - 23 Tage Aufenthalt\" border=\"0\" width=\"50px\" height=\"33px\" \/><\/a><a href=\"http:\/\/tour-en-blog.de\/wp-content\/uploads\/Flaggen\/Flagge 017 Aethiopien.gif\" rel=\"shadowbox[Flaggen]\" title=\"\u00c4thiopien - 28 Tage Aufenthalt\" style=\"margin:16px 0 0 17px\"><img decoding=\"async\" src=\"http:\/\/tour-en-blog.de\/wp-content\/uploads\/Flaggen\/thumbnails\/Flagge 017 Aethiopien thumbnail.gif\" alt=\"\u00c4thiopien - 28 Tage Aufenthalt\" title=\"\u00c4thiopien - 28 Tage Aufenthalt\" border=\"0\" width=\"50px\" height=\"33px\" \/><\/a><a href=\"http:\/\/tour-en-blog.de\/wp-content\/uploads\/Flaggen\/Flagge 018 Kenia.gif\" rel=\"shadowbox[Flaggen]\" title=\"Kenia - 15 Tage Aufenthalt\" style=\"margin:16px 0 0 16px\"><img decoding=\"async\" src=\"http:\/\/tour-en-blog.de\/wp-content\/uploads\/Flaggen\/thumbnails\/Flagge 018 Kenia thumbnail.gif\" alt=\"Kenia - 15 Tage Aufenthalt\" title=\"Kenia - 15 Tage Aufenthalt\" border=\"0\" width=\"50px\" height=\"33px\" \/><\/a><a href=\"http:\/\/tour-en-blog.de\/wp-content\/uploads\/Flaggen\/Flagge 019 Tansania.gif\" rel=\"shadowbox[Flaggen]\" title=\"Tansania - 19 Tage Aufenthalt\" style=\"margin:16px 0 0 17px\"><img decoding=\"async\" src=\"http:\/\/tour-en-blog.de\/wp-content\/uploads\/Flaggen\/thumbnails\/Flagge 019 Tansania thumbnail.gif\" alt=\"Tansania - 19 Tage Aufenthalt\" title=\"Tansania - 19 Tage Aufenthalt\" border=\"0\" width=\"50px\" height=\"33px\" \/><\/a><a href=\"http:\/\/tour-en-blog.de\/wp-content\/uploads\/Flaggen\/Flagge 020 Indien.gif\" rel=\"shadowbox[Flaggen]\" title=\"Indien - 52 Tage Aufenthalt\" style=\"margin:16px 0 0 16px\"><img decoding=\"async\" src=\"http:\/\/tour-en-blog.de\/wp-content\/uploads\/Flaggen\/thumbnails\/Flagge 020 Indien thumbnail.gif\" alt=\"Indien - 52 Tage Aufenthalt\" title=\"Indien - 52 Tage Aufenthalt\" border=\"0\" width=\"50px\" height=\"33px\" \/><\/a><a href=\"http:\/\/tour-en-blog.de\/wp-content\/uploads\/Flaggen\/Flagge 021 Nepal.gif\" rel=\"shadowbox[Flaggen]\" title=\"Nepal - 49 Tage Aufenthalt\" style=\"margin:16px 0 0 17px\"><img decoding=\"async\" src=\"http:\/\/tour-en-blog.de\/wp-content\/uploads\/Flaggen\/thumbnails\/Flagge 021 Nepal thumbnail.gif\" alt=\"Nepal - 49 Tage Aufenthalt\" title=\"Nepal - 49 Tage Aufenthalt\" border=\"0\" width=\"50px\" height=\"33px\" \/><\/a><\/p>\n<p><a href=\"http:\/\/tour-en-blog.de\/wp-content\/uploads\/Flaggen\/Flagge 022 China.gif\" rel=\"shadowbox[Flaggen]\" title=\"China - 72 Tage Aufenthalt\" style=\"margin:16px 0 0 0\"><img decoding=\"async\" src=\"http:\/\/tour-en-blog.de\/wp-content\/uploads\/Flaggen\/thumbnails\/Flagge 022 China thumbnail.gif\" alt=\"China - 72 Tage Aufenthalt\" title=\"China - 72 Tage Aufenthalt\" border=\"0\" width=\"50px\" height=\"33px\" \/><\/a><a href=\"http:\/\/tour-en-blog.de\/wp-content\/uploads\/Flaggen\/Flagge 023 Suedkorea.gif\" rel=\"shadowbox[Flaggen]\" title=\"S\u00fcdkorea - 12 Tage Aufenthalt\" style=\"margin:16px 0 0 16px\"><img decoding=\"async\" src=\"http:\/\/tour-en-blog.de\/wp-content\/uploads\/Flaggen\/thumbnails\/Flagge 023 Suedkorea thumbnail.gif\" alt=\"S\u00fcdkorea - 12 Tage Aufenthalt\" title=\"S\u00fcdkorea - 12 Tage Aufenthalt\" border=\"0\" width=\"50px\" height=\"33px\" \/><\/a><a href=\"http:\/\/tour-en-blog.de\/wp-content\/uploads\/Flaggen\/Flagge 024 Japan.gif\" rel=\"shadowbox[Flaggen]\" title=\"Japan - 17 Tage Aufenthalt\" style=\"margin:16px 0 0 17px\"><img decoding=\"async\" src=\"http:\/\/tour-en-blog.de\/wp-content\/uploads\/Flaggen\/thumbnails\/Flagge 024 Japan thumbnail.gif\" alt=\"Japan - 17 Tage Aufenthalt\" title=\"Japan - 17 Tage Aufenthalt\" border=\"0\" width=\"50px\" height=\"33px\" \/><\/a><a href=\"http:\/\/tour-en-blog.de\/wp-content\/uploads\/Flaggen\/Flagge 025 Costa Rica.gif\" rel=\"shadowbox[Flaggen]\" title=\"Costa Rica - 8 Tage Aufenthalt\" style=\"margin:16px 0 0 16px\"><img decoding=\"async\" src=\"http:\/\/tour-en-blog.de\/wp-content\/uploads\/Flaggen\/thumbnails\/Flagge 025 Costa Rica thumbnail.gif\" alt=\"Costa Rica - 8 Tage Aufenthalt\" title=\"Costa Rica - 8 Tage Aufenthalt\" border=\"0\" width=\"50px\" height=\"33px\" \/><\/a><a href=\"http:\/\/tour-en-blog.de\/wp-content\/uploads\/Flaggen\/Flagge 026 Panama.gif\" rel=\"shadowbox[Flaggen]\" title=\"Panama - 13 Tage Aufenthalt\" style=\"margin:16px 0 0 17px\"><img decoding=\"async\" src=\"http:\/\/tour-en-blog.de\/wp-content\/uploads\/Flaggen\/thumbnails\/Flagge 026 Panama thumbnail.gif\" alt=\"Panama - 13 Tage Aufenthalt\" title=\"Panama - 13 Tage Aufenthalt\" border=\"0\" width=\"50px\" height=\"33px\" \/><\/a><a href=\"http:\/\/tour-en-blog.de\/wp-content\/uploads\/Flaggen\/Flagge 027 Kolumbien.gif\" rel=\"shadowbox[Flaggen]\" title=\"Kolumbien - 59 Tage Aufenthalt\" style=\"margin:16px 0 0 16px\"><img decoding=\"async\" src=\"http:\/\/tour-en-blog.de\/wp-content\/uploads\/Flaggen\/thumbnails\/Flagge 027 Kolumbien thumbnail.gif\" alt=\"Kolumbien - 59 Tage Aufenthalt\" title=\"Kolumbien - 59 Tage Aufenthalt\" border=\"0\" width=\"50px\" height=\"33px\" \/><\/a><a href=\"http:\/\/tour-en-blog.de\/wp-content\/uploads\/Flaggen\/Flagge 028 Ecuador.gif\" rel=\"shadowbox[Flaggen]\" title=\"Ecuador - 23 Tage Aufenthalt\" style=\"margin:16px 0 0 17px\"><img decoding=\"async\" src=\"http:\/\/tour-en-blog.de\/wp-content\/uploads\/Flaggen\/thumbnails\/Flagge 028 Ecuador thumbnail.gif\" alt=\"Ecuador - 23 Tage Aufenthalt\" title=\"Ecuador - 23 Tage Aufenthalt\" border=\"0\" width=\"50px\" height=\"33px\" \/><\/a><\/p>\n<p><a href=\"http:\/\/tour-en-blog.de\/wp-content\/uploads\/Flaggen\/Flagge 029 Peru.gif\" rel=\"shadowbox[Flaggen]\" title=\"Peru - 56 Tage Aufenthalt\" style=\"margin:16px 0 0 0\"><img decoding=\"async\" src=\"http:\/\/tour-en-blog.de\/wp-content\/uploads\/Flaggen\/thumbnails\/Flagge 029 Peru thumbnail.gif\" alt=\"Peru - 56 Tage Aufenthalt\" title=\"Peru - 56 Tage Aufenthalt\" border=\"0\" width=\"50px\" height=\"33px\" \/><\/a><a href=\"http:\/\/tour-en-blog.de\/wp-content\/uploads\/Flaggen\/Flagge 030 Bolivien.gif\" rel=\"shadowbox[Flaggen]\" title=\"Bolivien - 22 Tage Aufenthalt\" style=\"margin:16px 0 0 16px\"><img decoding=\"async\" src=\"http:\/\/tour-en-blog.de\/wp-content\/uploads\/Flaggen\/thumbnails\/Flagge 030 Bolivien thumbnail.gif\" alt=\"Bolivien - 22 Tage Aufenthalt\" title=\"Bolivien - 22 Tage Aufenthalt\" border=\"0\" width=\"50px\" height=\"33px\" \/><\/a><a href=\"http:\/\/tour-en-blog.de\/wp-content\/uploads\/Flaggen\/Flagge 031 Chile.gif\" rel=\"shadowbox[Flaggen]\" title=\"Chile - 31 Tage Aufenthalt\" style=\"margin:16px 0 0 17px\"><img decoding=\"async\" src=\"http:\/\/tour-en-blog.de\/wp-content\/uploads\/Flaggen\/thumbnails\/Flagge 031 Chile thumbnail.gif\" alt=\"Chile - 31 Tage Aufenthalt\" title=\"Chile - 31 Tage Aufenthalt\" border=\"0\" width=\"50px\" height=\"33px\" \/><\/a><a href=\"http:\/\/tour-en-blog.de\/wp-content\/uploads\/Flaggen\/Flagge 032 Argentinien.gif\" rel=\"shadowbox[Flaggen]\" title=\"Argentinien - 93 Tage Aufenthalt\" style=\"margin:16px 0 0 16px\"><img decoding=\"async\" src=\"http:\/\/tour-en-blog.de\/wp-content\/uploads\/Flaggen\/thumbnails\/Flagge 032 Argentinien thumbnail.gif\" alt=\"Argentinien - 93 Tage Aufenthalt\" title=\"Argentinien - 93 Tage Aufenthalt\" border=\"0\" width=\"50px\" height=\"33px\" \/><\/a><a href=\"http:\/\/tour-en-blog.de\/wp-content\/uploads\/Flaggen\/Flagge 033 Uruguay.gif\" rel=\"shadowbox[Flaggen]\" title=\"Uruguay - 9 Tage Aufenthalt\" style=\"margin:16px 0 0 17px\"><img decoding=\"async\" src=\"http:\/\/tour-en-blog.de\/wp-content\/uploads\/Flaggen\/thumbnails\/Flagge 033 Uruguay thumbnail.gif\" alt=\"Uruguay - 9 Tage Aufenthalt\" title=\"Uruguay - 9 Tage Aufenthalt\" border=\"0\" width=\"50px\" height=\"33px\" \/><\/a><a href=\"http:\/\/tour-en-blog.de\/wp-content\/uploads\/Flaggen\/Flagge 034 Brasilien.gif\" rel=\"shadowbox[Flaggen]\" title=\"Brasilien - 26 Tag Aufenthalt\" style=\"margin:16px 0 0 16px\"><img decoding=\"async\" src=\"http:\/\/tour-en-blog.de\/wp-content\/uploads\/Flaggen\/thumbnails\/Flagge 034 Brasilien thumbnail.gif\" alt=\"Brasilien - 26 Tag Aufenthalt\" title=\"Brasilien - 26 Tag Aufenthalt\" border=\"0\" width=\"50px\" height=\"33px\" \/><\/a><a href=\"http:\/\/tour-en-blog.de\/wp-content\/uploads\/Flaggen\/Flagge 035 Paraguay.gif\" rel=\"shadowbox[Flaggen]\" title=\"Paraguay - 1 Tag Aufenthalt\" style=\"margin:16px 0 0 16px\"><img decoding=\"async\" src=\"http:\/\/tour-en-blog.de\/wp-content\/uploads\/Flaggen\/thumbnails\/Flagge 035 Paraguay thumbnail.gif\" alt=\"Paraguay - 1 Tag Aufenthalt\" title=\"Paraguay - 1 Tag Aufenthalt\" border=\"0\" width=\"50px\" height=\"33px\" \/><\/a><\/p>\n<p><a href=\"http:\/\/tour-en-blog.de\/wp-content\/uploads\/Flaggen\/Flagge 036 Portugal.gif\" rel=\"shadowbox[Flaggen]\" title=\"Portugal - 4 Tage Aufenthalt\" style=\"margin:16px 0 0 0\"><img decoding=\"async\" src=\"http:\/\/tour-en-blog.de\/wp-content\/uploads\/Flaggen\/thumbnails\/Flagge 036 Portugal thumbnail.gif\" alt=\"Portugal - 4 Tage Aufenthalt\" title=\"Portugal - 4 Tage Aufenthalt\" border=\"0\" width=\"50px\" height=\"33px\" \/><\/a><a href=\"http:\/\/tour-en-blog.de\/wp-content\/uploads\/Flaggen\/Flagge 037 Spanien.gif\" rel=\"shadowbox[Flaggen]\" title=\"Spanien - 9 Tage Aufenthalt\" style=\"margin:16px 0 0 16px\"><img decoding=\"async\" src=\"http:\/\/tour-en-blog.de\/wp-content\/uploads\/Flaggen\/thumbnails\/Flagge 037 Spanien thumbnail.gif\" alt=\"Spanien - 9 Tage Aufenthalt\" title=\"Spanien - 9 Tage Aufenthalt\" border=\"0\" width=\"50px\" height=\"33px\" \/><\/a><a href=\"http:\/\/tour-en-blog.de\/wp-content\/uploads\/Flaggen\/Flagge 038 Marokko.gif\" rel=\"shadowbox[Flaggen]\" title=\"Marokko - 17 Tage Aufenthalt\" style=\"margin:16px 0 0 17px\"><img decoding=\"async\" src=\"http:\/\/tour-en-blog.de\/wp-content\/uploads\/Flaggen\/thumbnails\/Flagge 038 Marokko thumbnail.gif\" alt=\"Marokko - 17 Tage Aufenthalt\" title=\"Marokko - 17 Tage Aufenthalt\" border=\"0\" width=\"50px\" height=\"33px\" \/><\/a><a href=\"http:\/\/tour-en-blog.de\/wp-content\/uploads\/Flaggen\/Flagge 039 Andorra.gif\" rel=\"shadowbox[Flaggen]\" title=\"Andorra - 1 Tag Aufenthalt\" style=\"margin:16px 0 0 16px\"><img decoding=\"async\" src=\"http:\/\/tour-en-blog.de\/wp-content\/uploads\/Flaggen\/thumbnails\/Flagge 039 Andorra thumbnail.gif\" alt=\"Andorra - 1 Tag Aufenthalt\" title=\"Andorra - 1 Tag Aufenthalt\" border=\"0\" width=\"50px\" height=\"33px\" \/><\/a><a href=\"http:\/\/tour-en-blog.de\/wp-content\/uploads\/Flaggen\/Flagge 040 Frankreich.gif\" rel=\"shadowbox[Flaggen]\" title=\"Frankreich - 5 Tage Aufenthalt\" style=\"margin:16px 0 0 17px\"><img decoding=\"async\" src=\"http:\/\/tour-en-blog.de\/wp-content\/uploads\/Flaggen\/thumbnails\/Flagge 040 Frankreich thumbnail.gif\" alt=\"Frankreich - 5 Tage Aufenthalt\" title=\"Frankreich - 5 Tage Aufenthalt\" border=\"0\" width=\"50px\" height=\"33px\" \/><\/a><a href=\"http:\/\/tour-en-blog.de\/wp-content\/uploads\/Flaggen\/Flagge 041 Schweiz.gif\" rel=\"shadowbox[Flaggen]\" title=\"Schweiz - 8 Tage Aufenthalt\" style=\"margin:16px 0 0 16px\"><img decoding=\"async\" src=\"http:\/\/tour-en-blog.de\/wp-content\/uploads\/Flaggen\/thumbnails\/Flagge 041 Schweiz thumbnail.gif\" alt=\"Schweiz - 8 Tage Aufenthalt\" title=\"Schweiz - 8 Tage Aufenthalt\" border=\"0\" width=\"33px\" height=\"33px\" \/><\/a><\/p>\n<p>\nStand 19.4.2009 Berlin\/Deutschland<\/p>\n","protected":false},"excerpt":{"rendered":"<p>deutsch&nbsp;&nbsp;&nbsp;english&nbsp;&nbsp;&nbsp;espa\u00f1ol Vollbild-Detailkarte noch geplant bereits zur\u00fcckgelegte Strecke Statistisches Reisedauer 809 Tage; davon an 531 Tagen Rad gefahren Fahrrad-Gesamtstrecke 42148km; davon ca. 3297km Piste; l\u00e4ngste Tagesetappe 248km maximale H\u00f6he per Rad 5013m \u00fc. NHN, zu Fu\u00df 5833m \u00fc. NHN; minimale H\u00f6he -418m \u00fc. NHN maximale Geschwindigkeit 97km\/h Temperaturminimum -15\u00b0C; Temperaturmaximum 44\u00b0C 41 L\u00e4nder Stand 19.4.2009 Berlin\/Deutschland<\/p>\n","protected":false},"author":1,"featured_media":0,"parent":0,"menu_order":1,"comment_status":"open","ping_status":"closed","template":"","meta":{"footnotes":""},"_links":{"self":[{"href":"http:\/\/tour-en-blog.de\/index.php?rest_route=\/wp\/v2\/pages\/22"}],"collection":[{"href":"http:\/\/tour-en-blog.de\/index.php?rest_route=\/wp\/v2\/pages"}],"about":[{"href":"http:\/\/tour-en-blog.de\/index.php?rest_route=\/wp\/v2\/types\/page"}],"author":[{"embeddable":true,"href":"http:\/\/tour-en-blog.de\/index.php?rest_route=\/wp\/v2\/users\/1"}],"replies":[{"embeddable":true,"href":"http:\/\/tour-en-blog.de\/index.php?rest_route=%2Fwp%2Fv2%2Fcomments&post=22"}],"version-history":[{"count":4,"href":"http:\/\/tour-en-blog.de\/index.php?rest_route=\/wp\/v2\/pages\/22\/revisions"}],"predecessor-version":[{"id":1060,"href":"http:\/\/tour-en-blog.de\/index.php?rest_route=\/wp\/v2\/pages\/22\/revisions\/1060"}],"wp:attachment":[{"href":"http:\/\/tour-en-blog.de\/index.php?rest_route=%2Fwp%2Fv2%2Fmedia&parent=22"}],"curies":[{"name":"wp","href":"https:\/\/api.w.org\/{rel}","templated":true}]}}